{"id":709,"date":"2023-01-12T18:32:06","date_gmt":"2023-01-12T17:32:06","guid":{"rendered":"https:\/\/fineartprints.heel.io\/?page_id=709"},"modified":"2023-02-09T00:15:37","modified_gmt":"2023-02-08T23:15:37","slug":"legal-notices","status":"publish","type":"page","link":"https:\/\/fineartprints.heel.io\/fr\/legal-notices\/","title":{"rendered":"Mentions l\u00e9gales"},"content":{"rendered":"<h2 class=\"wp-block-heading\">\u00c9dition du site<\/h2>\n\n\n\n<p>Le site fineartprints.heel.io est \u00e9dit\u00e9 et d\u00e9velopp\u00e9 par Heelio Fine Art Prints, micro-entreprise bas\u00e9e en France.&nbsp;<\/p>\n\n\n\n<p><strong>HEELIO<\/strong><br>SIRET : 888 962 800 00023<br>APE : 6201Z<br>RM : 888 962 800 RM 59<br>APRM : 7420ZQ<br>TVA non applicable\u00a0en vertu de l'article 293 B du\u00a0Code G\u00e9n\u00e9ral des Imp\u00f4ts<\/p>\n\n\n\n<p>T\u00e9l : <a href=\"tel:0766593212\">07 66 59 32 12<\/a><br>E-mail : <a href=\"mailto:contact@heel.io\">contact@heel.io<\/a><\/p>\n\n\n\n<h2 class=\"wp-block-heading\">H\u00e9bergement du site<\/h2>\n\n\n\n<p><strong>OVH SAS<\/strong><br>2 rue Kellermann<br>59100 Roubaix<br>France<\/p>\n\n\n\n<h2 class=\"wp-block-heading\">Conditions g\u00e9n\u00e9rales d'utilisation du site<\/h2>\n\n\n\n<p>Le site et chacun des \u00e9l\u00e9ments, y compris mais sans limitation les marques, les logos, ic\u00f4nes, infographies, photographies et vid\u00e9os qui le composent sont prot\u00e9g\u00e9s au titre de la l\u00e9gislation internationale de la propri\u00e9t\u00e9 intellectuelle. Les contenus figurant sur le site sont la propri\u00e9t\u00e9\u00a0de Heelio Fine Art Prints\u00a0ou d\u2019autres entreprises. Toute utilisation, reproduction ou repr\u00e9sentation, par quelque proc\u00e9d\u00e9 que ce soit, et sur quelque support que ce soit, de tout ou partie du site et\/ou des \u00e9l\u00e9ments qui le composent n\u2019est pas autoris\u00e9e sans le consentement\u00a0expr\u00e8s de Heelio Fine Art Prints.\u00a0&nbsp;<\/p>\n\n\n\n<p>D\u2019une fa\u00e7on g\u00e9n\u00e9rale, vous pouvez visiter ce site sur Internet sans avoir \u00e0 d\u00e9cliner votre identit\u00e9\u00a0ni \u00e0 fournir des informations personnelles vous concernant. Cependant, des informations pourront vous \u00eatre demand\u00e9es par exemple pour traiter une commande ou \u00e9tablir une correspondance. Ces informations pourront \u00eatre compl\u00e9t\u00e9es pour conclure une transaction ou offrir un meilleur service.\u00a0En savoir plus sur la <a href=\"https:\/\/fineartprints.heel.io\/fr\/privacy-policy\/\">politique de confidentialit\u00e9<\/a>.\u00a0<\/p>","protected":false},"excerpt":{"rendered":"<p>Website editor The website fineartprints.heel.io&nbsp;is edited and developed by Heelio Fine Art Prints, micro-entreprise based in France.&nbsp; HEELIOSIRET: 888 962 800 00023APE: 6201ZRM: 888 962 800 RM 59APRM: 7420ZQVAT&nbsp;not applicable&nbsp;according to article 293 B of the&nbsp;French General Tax Code Tel: 07 66 59 32 12Email: contact@heel.io Website hosting OVH SAS2 rue Kellermann59100 RoubaixFrance Website terms [&hellip;]<\/p>\n","protected":false},"author":1,"featured_media":0,"parent":0,"menu_order":0,"comment_status":"closed","ping_status":"closed","template":"","meta":{"footnotes":""},"class_list":["post-709","page","type-page","status-publish","hentry"],"yoast_head":"<!-- This site is optimized with the Yoast SEO plugin v27.3 - https:\/\/yoast.com\/product\/yoast-seo-wordpress\/ -->\n<title>Legal notices - Heelio | Fine Art Prints<\/title>\n<meta name=\"robots\" content=\"index, follow, max-snippet:-1, max-image-preview:large, max-video-preview:-1\" \/>\n<link rel=\"canonical\" href=\"https:\/\/fineartprints.heel.io\/fr\/legal-notices\/\" \/>\n<meta property=\"og:locale\" content=\"fr_FR\" \/>\n<meta property=\"og:type\" content=\"article\" \/>\n<meta property=\"og:title\" content=\"Legal notices - Heelio | Fine Art Prints\" \/>\n<meta property=\"og:description\" content=\"Website editor The website fineartprints.heel.io&nbsp;is edited and developed by Heelio Fine Art Prints, micro-entreprise based in France.&nbsp; HEELIOSIRET: 888 962 800 00023APE: 6201ZRM: 888 962 800 RM 59APRM: 7420ZQVAT&nbsp;not applicable&nbsp;according to article 293 B of the&nbsp;French General Tax Code Tel: 07 66 59 32 12Email: contact@heel.io Website hosting OVH SAS2 rue Kellermann59100 RoubaixFrance Website terms [&hellip;]\" \/>\n<meta property=\"og:url\" content=\"https:\/\/fineartprints.heel.io\/fr\/legal-notices\/\" \/>\n<meta property=\"og:site_name\" content=\"Heelio | Fine Art Prints\" \/>\n<meta property=\"article:publisher\" content=\"https:\/\/www.facebook.com\/heelio.photo\/\" \/>\n<meta property=\"article:modified_time\" content=\"2023-02-08T23:15:37+00:00\" \/>\n<meta property=\"og:image\" content=\"https:\/\/i0.wp.com\/fineartprints.heel.io\/wp-content\/uploads\/sites\/2\/2023\/01\/fb.jpg?fit=1200%2C675&ssl=1\" \/>\n\t<meta property=\"og:image:width\" content=\"1200\" \/>\n\t<meta property=\"og:image:height\" content=\"675\" \/>\n\t<meta property=\"og:image:type\" content=\"image\/jpeg\" \/>\n<meta name=\"twitter:card\" content=\"summary_large_image\" \/>\n<meta name=\"twitter:site\" content=\"@heel_io\" \/>\n<meta name=\"twitter:label1\" content=\"Dur\u00e9e de lecture estim\u00e9e\" \/>\n\t<meta name=\"twitter:data1\" content=\"1 minute\" \/>\n<script type=\"application\/ld+json\" class=\"yoast-schema-graph\">{\"@context\":\"https:\\\/\\\/schema.org\",\"@graph\":[{\"@type\":\"WebPage\",\"@id\":\"https:\\\/\\\/fineartprints.heel.io\\\/legal-notices\\\/\",\"url\":\"https:\\\/\\\/fineartprints.heel.io\\\/legal-notices\\\/\",\"name\":\"Legal notices - Heelio | Fine Art Prints\",\"isPartOf\":{\"@id\":\"https:\\\/\\\/fineartprints.heel.io\\\/#website\"},\"datePublished\":\"2023-01-12T17:32:06+00:00\",\"dateModified\":\"2023-02-08T23:15:37+00:00\",\"breadcrumb\":{\"@id\":\"https:\\\/\\\/fineartprints.heel.io\\\/legal-notices\\\/#breadcrumb\"},\"inLanguage\":\"fr-FR\",\"potentialAction\":[{\"@type\":\"ReadAction\",\"target\":[\"https:\\\/\\\/fineartprints.heel.io\\\/legal-notices\\\/\"]}]},{\"@type\":\"BreadcrumbList\",\"@id\":\"https:\\\/\\\/fineartprints.heel.io\\\/legal-notices\\\/#breadcrumb\",\"itemListElement\":[{\"@type\":\"ListItem\",\"position\":1,\"name\":\"Home\",\"item\":\"https:\\\/\\\/fineartprints.heel.io\\\/\"},{\"@type\":\"ListItem\",\"position\":2,\"name\":\"Legal notices\"}]},{\"@type\":\"WebSite\",\"@id\":\"https:\\\/\\\/fineartprints.heel.io\\\/#website\",\"url\":\"https:\\\/\\\/fineartprints.heel.io\\\/\",\"name\":\"Heelio | Fine Art Prints\",\"description\":\"Fine art photography prints\",\"publisher\":{\"@id\":\"https:\\\/\\\/fineartprints.heel.io\\\/#organization\"},\"alternateName\":\"Heelio Fine Art Photography Prints\",\"potentialAction\":[{\"@type\":\"SearchAction\",\"target\":{\"@type\":\"EntryPoint\",\"urlTemplate\":\"https:\\\/\\\/fineartprints.heel.io\\\/?s={search_term_string}\"},\"query-input\":{\"@type\":\"PropertyValueSpecification\",\"valueRequired\":true,\"valueName\":\"search_term_string\"}}],\"inLanguage\":\"fr-FR\"},{\"@type\":\"Organization\",\"@id\":\"https:\\\/\\\/fineartprints.heel.io\\\/#organization\",\"name\":\"Heelio Fine Art Prints\",\"alternateName\":\"Heelio\",\"url\":\"https:\\\/\\\/fineartprints.heel.io\\\/\",\"logo\":{\"@type\":\"ImageObject\",\"inLanguage\":\"fr-FR\",\"@id\":\"https:\\\/\\\/fineartprints.heel.io\\\/#\\\/schema\\\/logo\\\/image\\\/\",\"url\":\"https:\\\/\\\/i0.wp.com\\\/fineartprints.heel.io\\\/wp-content\\\/uploads\\\/sites\\\/2\\\/2022\\\/12\\\/logo-black.png?fit=746%2C513&ssl=1\",\"contentUrl\":\"https:\\\/\\\/i0.wp.com\\\/fineartprints.heel.io\\\/wp-content\\\/uploads\\\/sites\\\/2\\\/2022\\\/12\\\/logo-black.png?fit=746%2C513&ssl=1\",\"width\":746,\"height\":513,\"caption\":\"Heelio Fine Art Prints\"},\"image\":{\"@id\":\"https:\\\/\\\/fineartprints.heel.io\\\/#\\\/schema\\\/logo\\\/image\\\/\"},\"sameAs\":[\"https:\\\/\\\/www.facebook.com\\\/heelio.photo\\\/\",\"https:\\\/\\\/x.com\\\/heel_io\",\"https:\\\/\\\/www.instagram.com\\\/heel.io\\\/\"]}]}<\/script>\n<!-- \/ Yoast SEO plugin. -->","yoast_head_json":{"title":"Legal notices - Heelio | Fine Art Prints","robots":{"index":"index","follow":"follow","max-snippet":"max-snippet:-1","max-image-preview":"max-image-preview:large","max-video-preview":"max-video-preview:-1"},"canonical":"https:\/\/fineartprints.heel.io\/fr\/legal-notices\/","og_locale":"fr_FR","og_type":"article","og_title":"Legal notices - Heelio | Fine Art Prints","og_description":"Website editor The website fineartprints.heel.io&nbsp;is edited and developed by Heelio Fine Art Prints, micro-entreprise based in France.&nbsp; HEELIOSIRET: 888 962 800 00023APE: 6201ZRM: 888 962 800 RM 59APRM: 7420ZQVAT&nbsp;not applicable&nbsp;according to article 293 B of the&nbsp;French General Tax Code Tel: 07 66 59 32 12Email: contact@heel.io Website hosting OVH SAS2 rue Kellermann59100 RoubaixFrance Website terms [&hellip;]","og_url":"https:\/\/fineartprints.heel.io\/fr\/legal-notices\/","og_site_name":"Heelio | Fine Art Prints","article_publisher":"https:\/\/www.facebook.com\/heelio.photo\/","article_modified_time":"2023-02-08T23:15:37+00:00","og_image":[{"width":1200,"height":675,"url":"https:\/\/i0.wp.com\/fineartprints.heel.io\/wp-content\/uploads\/sites\/2\/2023\/01\/fb.jpg?fit=1200%2C675&ssl=1","type":"image\/jpeg"}],"twitter_card":"summary_large_image","twitter_site":"@heel_io","twitter_misc":{"Dur\u00e9e de lecture estim\u00e9e":"1 minute"},"schema":{"@context":"https:\/\/schema.org","@graph":[{"@type":"WebPage","@id":"https:\/\/fineartprints.heel.io\/legal-notices\/","url":"https:\/\/fineartprints.heel.io\/legal-notices\/","name":"Legal notices - Heelio | Fine Art Prints","isPartOf":{"@id":"https:\/\/fineartprints.heel.io\/#website"},"datePublished":"2023-01-12T17:32:06+00:00","dateModified":"2023-02-08T23:15:37+00:00","breadcrumb":{"@id":"https:\/\/fineartprints.heel.io\/legal-notices\/#breadcrumb"},"inLanguage":"fr-FR","potentialAction":[{"@type":"ReadAction","target":["https:\/\/fineartprints.heel.io\/legal-notices\/"]}]},{"@type":"BreadcrumbList","@id":"https:\/\/fineartprints.heel.io\/legal-notices\/#breadcrumb","itemListElement":[{"@type":"ListItem","position":1,"name":"Home","item":"https:\/\/fineartprints.heel.io\/"},{"@type":"ListItem","position":2,"name":"Legal notices"}]},{"@type":"WebSite","@id":"https:\/\/fineartprints.heel.io\/#website","url":"https:\/\/fineartprints.heel.io\/","name":"Heelio | Fine Art Prints","description":"Fine art photography prints","publisher":{"@id":"https:\/\/fineartprints.heel.io\/#organization"},"alternateName":"Heelio Fine Art Photography Prints","potentialAction":[{"@type":"SearchAction","target":{"@type":"EntryPoint","urlTemplate":"https:\/\/fineartprints.heel.io\/?s={search_term_string}"},"query-input":{"@type":"PropertyValueSpecification","valueRequired":true,"valueName":"search_term_string"}}],"inLanguage":"fr-FR"},{"@type":"Organization","@id":"https:\/\/fineartprints.heel.io\/#organization","name":"Heelio Fine Art Prints","alternateName":"Heelio","url":"https:\/\/fineartprints.heel.io\/","logo":{"@type":"ImageObject","inLanguage":"fr-FR","@id":"https:\/\/fineartprints.heel.io\/#\/schema\/logo\/image\/","url":"https:\/\/i0.wp.com\/fineartprints.heel.io\/wp-content\/uploads\/sites\/2\/2022\/12\/logo-black.png?fit=746%2C513&ssl=1","contentUrl":"https:\/\/i0.wp.com\/fineartprints.heel.io\/wp-content\/uploads\/sites\/2\/2022\/12\/logo-black.png?fit=746%2C513&ssl=1","width":746,"height":513,"caption":"Heelio Fine Art Prints"},"image":{"@id":"https:\/\/fineartprints.heel.io\/#\/schema\/logo\/image\/"},"sameAs":["https:\/\/www.facebook.com\/heelio.photo\/","https:\/\/x.com\/heel_io","https:\/\/www.instagram.com\/heel.io\/"]}]}},"_links":{"self":[{"href":"https:\/\/fineartprints.heel.io\/fr\/wp-json\/wp\/v2\/pages\/709","targetHints":{"allow":["GET"]}}],"collection":[{"href":"https:\/\/fineartprints.heel.io\/fr\/wp-json\/wp\/v2\/pages"}],"about":[{"href":"https:\/\/fineartprints.heel.io\/fr\/wp-json\/wp\/v2\/types\/page"}],"author":[{"embeddable":true,"href":"https:\/\/fineartprints.heel.io\/fr\/wp-json\/wp\/v2\/users\/1"}],"replies":[{"embeddable":true,"href":"https:\/\/fineartprints.heel.io\/fr\/wp-json\/wp\/v2\/comments?post=709"}],"version-history":[{"count":6,"href":"https:\/\/fineartprints.heel.io\/fr\/wp-json\/wp\/v2\/pages\/709\/revisions"}],"predecessor-version":[{"id":1443,"href":"https:\/\/fineartprints.heel.io\/fr\/wp-json\/wp\/v2\/pages\/709\/revisions\/1443"}],"wp:attachment":[{"href":"https:\/\/fineartprints.heel.io\/fr\/wp-json\/wp\/v2\/media?parent=709"}],"curies":[{"name":"wp","href":"https:\/\/api.w.org\/{rel}","templated":true}]}}