{"id":9,"date":"2022-09-25T23:45:21","date_gmt":"2022-09-25T21:45:21","guid":{"rendered":"https:\/\/fineartprints.heel.io\/?page_id=9"},"modified":"2023-01-26T22:22:46","modified_gmt":"2023-01-26T21:22:46","slug":"privacy-policy","status":"publish","type":"page","link":"https:\/\/fineartprints.heel.io\/fr\/privacy-policy\/","title":{"rendered":"Politique de confidentialit\u00e9"},"content":{"rendered":"<p><strong>You can at any time oppose the use of your personal data from the administration of your account or&nbsp;via a simple request&nbsp;using our&nbsp;<a href=\"https:\/\/fineartprints.heel.io\/fr\/contact\/\">page de contact<\/a>.<\/strong>&nbsp;<\/p>\n\n\n\n<p>D'une fa\u00e7on g\u00e9n\u00e9rale, vous pouvez visiter notre site sur Internet sans avoir \u00e0 d\u00e9cliner votre identit\u00e9 ni \u00e0 fournir des informations personnelles vous concernant. Cependant, nous pouvons vous demander des informations par exemple pour traiter une commande ou \u00e9tablir une correspondance. Nous pouvons compl\u00e9ter ces informations pour conclure une transaction ou offrir un meilleur service.\u00a0&nbsp;<\/p>\n\n\n\n<p>This personal data allows&nbsp;Heelio Fine Art Prints to identify yourself, either&nbsp;as a natural person&nbsp;(for example, your name or your first name), or&nbsp;anonymously&nbsp;(such as the IP address of your navigation terminal).&nbsp;<\/p>\n\n\n\n<p>Ces donn\u00e9es personnelles peuvent \u00eatre collect\u00e9es lors de votre navigation sur le site, de l\u2019utilisation du formulaire de contact, de la cr\u00e9ation d\u2019un compte client, de l'inscription \u00e0 la newsletter ou encore de la passation d\u2019une commande.\u00a0<\/p>\n\n\n\n<p>Vos donn\u00e9es personnelles font ensuite l\u2019objet d\u2019un traitement automatis\u00e9 mis en \u0153uvre par\u00a0Heelio Fine Art Prints.\u00a0&nbsp;<\/p>\n\n\n\n<p>Heelio Fine Art Prints s'engage \u00e0 traiter vos donn\u00e9es personnelles de mani\u00e8re loyale et licite, dans le respect des dispositions de la Loi n\u00b078-17 du 6 janvier 1978 modifi\u00e9e relative \u00e0 l\u2019informatique, aux fichiers et aux libert\u00e9s et du R\u00e8glement (UE) n\u00b0 2016\/679 du 27 avril 2016 relatif \u00e0 la protection des personnes physiques \u00e0 l'\u00e9gard du traitement des donn\u00e9es \u00e0 caract\u00e8re personnel et \u00e0 la libre circulation de ces donn\u00e9es, dit \u00ab R\u00e8glement G\u00e9n\u00e9ral sur la Protection des Donn\u00e9es \u00bb (ou \u00ab RGPD \u00bb).\u00a0&nbsp;<\/p>\n\n\n\n<p>The purpose of this personal data policy is to inform you of the conditions under which Heelio Fine Art Prints&nbsp;processes your personal data, while ensuring their protection.&nbsp;<\/p>\n\n\n\n<h2 class=\"wp-block-heading\">Qui collecte vos donn\u00e9es personnelles sur ce site ?<\/h2>\n\n\n\n<p>The controller of your personal data collected on the&nbsp;fineartprints.heel.io website is the company&nbsp;Heelio Fine Art Prints.&nbsp;<\/p>\n\n\n\n<h2 class=\"wp-block-heading\">Quelles sont les donn\u00e9es personnelles collect\u00e9es ?<\/h2>\n\n\n\n<p>Heelio Fine Art Prints peut \u00eatre amen\u00e9e \u00e0 traiter vos nom et pr\u00e9nom, titre, adresse postale, adresse e-mail, num\u00e9ro de t\u00e9l\u00e9phone, informations de paiement, donn\u00e9es de connexion (dates et heures de connexions, adresse IP) et de navigation, historique de commandes produits consult\u00e9s, incidents de livraison et r\u00e9clamations.\u00a0<\/p>\n\n\n\n<h2 class=\"wp-block-heading\">A quel moment vos donn\u00e9es personnelles sont-elles collect\u00e9es ?<\/h2>\n\n\n\n<p>Heelio Fine Art Prints collecte les donn\u00e9es personnelles que vous fournissez volontairement, notamment lorsque :<\/p>\n\n\n\n<ul class=\"wp-block-list\">\n<li>Vous remplissez un formulaire de demande de contact ;<\/li>\n\n\n\n<li>Vous cr\u00e9ez ou modifiez votre compte client ;<\/li>\n\n\n\n<li>Vous vous inscrivez \u00e0 la\u00a0lettre d'information (newsletter) ;<\/li>\n\n\n\n<li>Vous effectuez une commande de produits.<\/li>\n<\/ul>\n\n\n\n<p>The fields marked with an asterisk (*) on the forms of collection of your personal data on the website are mandatory. Heelio Fine Art Prints&nbsp;draws your attention to the fact that if you do not provide this data, you will not be able to benefit from the services offered on the website.<\/p>\n\n\n\n<p>Lorsque vous fournissez sur le site des donn\u00e9es personnelles concernant d\u2019autres personnes que vous, vous garantissez avoir re\u00e7u les autorisations et consentements n\u00e9cessaires des personnes concern\u00e9es par ces donn\u00e9es personnelles.\u00a0<\/p>\n\n\n\n<p>D\u2019autres informations de nature technique concernant la consultation du site ou ses fonctionnalit\u00e9s, notamment l\u2019adresse IP de votre terminal de navigation, sont collect\u00e9es automatiquement du fait de vos actions sur le site par l\u2019interm\u00e9diaire de cookies.\u00a0&nbsp;<\/p>\n\n\n\n<h2 class=\"wp-block-heading\">Sur quelles bases juridiques et pour quelles finalit\u00e9s sont trait\u00e9es vos donn\u00e9es personnelles ?<\/h2>\n\n\n\n<p>On each of the following legal bases, Heelio Fine Art Prints&nbsp;performs a processing of your personal data for the corresponding purposes:<\/p>\n\n\n\n<p>Pour les besoins de\u00a0la relation client et des passations de commandes, vos donn\u00e9es personnelles sont trait\u00e9es aux fins de :<\/p>\n\n\n\n<ul class=\"wp-block-list\">\n<li>G\u00e9rer la relation clients : gestion du compte client, des commandes, des op\u00e9rations de paiement, des livraisons, des factures, de la comptabilit\u00e9, de la relation client, des r\u00e9clamations, des impay\u00e9s et du contentieux ;<\/li>\n\n\n\n<li>G\u00e9rer vos demandes d\u2019exercice de vos droits sur vos donn\u00e9es personnelles.<\/li>\n<\/ul>\n\n\n\n<p>Sur la base de l\u2019int\u00e9r\u00eat l\u00e9gitime de Heelio Fine Art Prints\u00a0\u00e0 am\u00e9liorer la qualit\u00e9 de ses produits et du site, vos donn\u00e9es personnelles sont trait\u00e9es aux fins de :<\/p>\n\n\n\n<ul class=\"wp-block-list\">\n<li>R\u00e9aliser des op\u00e9rations de statistiques, d\u2019analyse, de prospection et de s\u00e9lection et de segmentation des clients afin d\u2019am\u00e9liorer la connaissance des clients ;<\/li>\n\n\n\n<li>Mettre en place\u00a0d'\u00e9ventuels jeux concours et publicitaires.<\/li>\n<\/ul>\n\n\n\n<p>On the basis of the consent you have given to Heelio Fine Art Prints&nbsp;in this respect, your personal data are processed for the purpose of:<\/p>\n\n\n\n<ul class=\"wp-block-list\">\n<li>Personnaliser le Site selon vos affinit\u00e9s et mesurer sa fr\u00e9quentation.<\/li>\n<\/ul>\n\n\n\n<h2 class=\"wp-block-heading\">\u00c0 qui vos donn\u00e9es personnelles sont-elles transmises ?<\/h2>\n\n\n\n<p>Le destinataire de vos donn\u00e9es personnelles est la soci\u00e9t\u00e9 Heelio Fine Art Prints.<\/p>\n\n\n\n<p>Heelio Fine Art Prints est \u00e9galement amen\u00e9e \u00e0 transmettre vos donn\u00e9es personnelles \u00e0 des sous-traitants qui les traitent pour son compte et selon ses instructions. Ces destinataires sous-traitants sont notamment :<\/p>\n\n\n\n<ul class=\"wp-block-list\">\n<li>L\u2019organisme bancaire charg\u00e9 du paiement s\u00e9curis\u00e9 des produits command\u00e9s ;<\/li>\n\n\n\n<li>Les prestataires techniques externes de Heelio Fine Art Prints\u00a0qui interviennent dans le d\u00e9veloppement, la diffusion, le fonctionnement et la maintenance du site, notamment le d\u00e9veloppeur et l\u2019h\u00e9bergeur.<\/li>\n<\/ul>\n\n\n\n<p>Finally, Heelio Fine Art Prints&nbsp;may be required to communicate your personal data to third parties pursuant to a law, a regulation, a decision of a regulatory or judicial authority and finally, if necessary, in order to preserve its own rights and interests, especially in case of violation of the&nbsp;<a href=\"https:\/\/fineartprints.heel.io\/fr\/terms-and-conditions\/\">conditions g\u00e9n\u00e9rales d\u2019utilisation du site<\/a>.&nbsp;<\/p>\n\n\n\n<h2 class=\"wp-block-heading\">Vos donn\u00e9es personnelles sont-elles transf\u00e9r\u00e9es en dehors de l\u2019Union Europ\u00e9enne ?<\/h2>\n\n\n\n<p>Heelio Fine Art Prints&nbsp;does not and does not intend to transfer your personal data to a third country to the European Union and the European Economic Area that does not ensure an adequate level of protection of personal data.<\/p>\n\n\n\n<h2 class=\"wp-block-heading\">Combien de temps vos donn\u00e9es personnelles sont-elles conserv\u00e9es ?<\/h2>\n\n\n\n<p>Heelio Fine Art Prints conserve vos donn\u00e9es personnelles pendant une dur\u00e9e qui n\u2019exc\u00e8de pas la dur\u00e9e n\u00e9cessaire aux finalit\u00e9s pour lesquelles elles ont \u00e9t\u00e9 collect\u00e9es, dans le respect de la r\u00e9glementation en vigueur.<\/p>\n\n\n\n<p>Les donn\u00e9es personnelles relatives aux prospects ayant uniquement formul\u00e9 une demande de contact sont conserv\u00e9es pendant 3 ans \u00e0 compter de leur collecte.<\/p>\n\n\n\n<p>Personal data relating to a customer account that has never been used to place an order is kept for 3 years from the last activity recorded on the customer account. After this period, Heelio Fine Art Prints&nbsp;reserves the right to delete your account.<\/p>\n\n\n\n<p>Les donn\u00e9es personnelles relatives \u00e0 un compte client ayant servi \u00e0 effectuer au moins une commande sont conserv\u00e9es pendant 3 ans \u00e0 compter de la derni\u00e8re activit\u00e9 enregistr\u00e9e sur le compte client, \u00e0 l\u2019exception des documents, pi\u00e8ces comptables et informations permettant de prouver une commande de produit sur le site qui sont conserv\u00e9s pendant une dur\u00e9e de 10 ans \u00e0 compter de leur collecte, et ce \u00e0 titre de preuve comptable et fiscale.<\/p>\n\n\n\n<h2 class=\"wp-block-heading\">Quels sont vos droits sur vos donn\u00e9es personnelles et comment pouvez-vous les exercer ?<\/h2>\n\n\n\n<p>Heelio Fine Art Prints vous informe que sur les donn\u00e9es personnelles qu\u2019elle traite vous concernant, vous disposez \u00e0 tout moment des droits suivants :<\/p>\n\n\n\n<ul class=\"wp-block-list\">\n<li>un droit d\u2019acc\u00e8s ;<\/li>\n\n\n\n<li>un droit de rectification ;<\/li>\n\n\n\n<li>un droit d\u2019effacement ;<\/li>\n\n\n\n<li>un droit \u00e0 la limitation du traitement ;<\/li>\n\n\n\n<li>un droit \u00e0 la portabilit\u00e9 ;<\/li>\n\n\n\n<li>un droit d\u2019opposition au traitement, notamment \u00e0 des fins de prospection commerciale ;<\/li>\n\n\n\n<li>un droit de retirer \u00e0 tout moment le consentement que vous avez pu donner lors de la fourniture de certaines donn\u00e9es personnelles, sans que cela ne porte atteinte \u00e0 la lic\u00e9it\u00e9 du traitement fond\u00e9 sur votre consentement jusqu\u2019au retrait de celui-ci ;<\/li>\n\n\n\n<li>un droit de d\u00e9finir des directives g\u00e9n\u00e9rales ou particuli\u00e8res relatives \u00e0 la conservation, \u00e0 l\u2019effacement ou \u00e0 la communication de vos donn\u00e9es personnelles apr\u00e8s votre d\u00e9c\u00e8s.<\/li>\n<\/ul>\n\n\n\n<p>Ces droits peuvent \u00eatre exerc\u00e9s \u00e0 tout moment en \u00e9crivant \u00e0 Heelio Fine Art Prints\u00a0via notre\u00a0page de contact\u00a0ou depuis votre\u00a0compte client.\u00a0<\/p>\n\n\n\n<p>Vous disposez \u00e9galement du droit d\u2019introduire une r\u00e9clamation aupr\u00e8s de la Commission Nationale de l\u2019Information et des Libert\u00e9s (la \u00ab CNIL \u00bb) :<\/p>\n\n\n\n<ul class=\"wp-block-list\">\n<li>par courrier postal : 3 Place de Fontenoy - TSA 80715 - 75334 PARIS CEDEX 07 ;<\/li>\n\n\n\n<li>par Internet sur le site www.cnil.fr.<\/li>\n<\/ul>\n\n\n\n<h2 class=\"wp-block-heading\">\u00c0 propos des cookies<\/h2>\n\n\n\n<p>Afin d\u2019am\u00e9liorer la qualit\u00e9 du site et d\u2019y faciliter votre navigation, des informations relatives \u00e0 la navigation de votre terminal de connexion (ordinateur, tablette ou smartphone) sont susceptibles d\u2019\u00eatre enregistr\u00e9es dans des fichiers appel\u00e9s \u00ab cookies \u00bb d\u00e9pos\u00e9es sur votre terminal, sous r\u00e9serve des choix que vous auriez exprim\u00e9s \u00e0 leur sujet et que vous pouvez modifier \u00e0 tout moment.<\/p>\n\n\n\n<h3 class=\"wp-block-heading\">Qu\u2019est-ce qu\u2019un cookie ?<\/h3>\n\n\n\n<p>Un cookie est un petit fichier texte enregistr\u00e9 sur le disque dur de votre terminal de navigation (votre ordinateur, votre tablette ou votre smartphone) par le biais de votre logiciel de navigation \u00e0 l\u2019occasion de la consultation d\u2019un service en ligne. L\u2019objectif des cookies est de vous procurer un usage et un service de qualit\u00e9 lors de votre visite et, de cette fa\u00e7on, de vous proposer la meilleure exp\u00e9rience possible sur le site. Les cookies ne stockent aucune donn\u00e9e personnelle sensible vous concernant, mais reconnaissent simplement l\u2019appareil que vous \u00eates en train d\u2019utiliser pour permettre \u00e0 Heelio Fine Art Prints\u00a0de comprendre la fa\u00e7on avec laquelle vous naviguez sur le site.<\/p>\n\n\n\n<h3 class=\"wp-block-heading\">Quels sont les cookies utilis\u00e9s par Heelio Fine Art Prints\u00a0?<\/h3>\n\n\n\n<p>Pour vous rendre la navigation sur le site toujours plus agr\u00e9able et facile, mais \u00e9galement pour mieux vous conna\u00eetre, Heelio Fine Art Prints\u00a0utilise plusieurs types de cookies.<\/p>\n\n\n\n<h4 class=\"wp-block-heading\">Les cookies fonctionnels :<\/h4>\n\n\n\n<p>Ces cookies ont pour objectif de fluidifier votre navigation sur le site et de permettre l\u2019utilisation optimale de ses diff\u00e9rentes fonctionnalit\u00e9s. Ils sont essentiels pour que le site et les fonctionnalit\u00e9s que Heelio Fine Art Prints\u00a0y propose fonctionnent correctement. Ils rendent \u00e9galement son fonctionnement plus convivial et vous offrent une exp\u00e9rience en ligne plus personnalis\u00e9e. Ces cookies sont utilis\u00e9s pour reconna\u00eetre et m\u00e9moriser vos pr\u00e9f\u00e9rences et permettent notamment \u00e0 Heelio Fine Art Prints de :<\/p>\n\n\n\n<ul class=\"wp-block-list\">\n<li>Vous identifier lorsque vous vous connectez sur le site, afin que vous n\u2019ayez pas \u00e0 saisir manuellement vos identifiants de connexion \u00e0 chaque visite ;<\/li>\n\n\n\n<li>Adapter la pr\u00e9sentation du site aux pr\u00e9f\u00e9rences d\u2019affichage de votre terminal de navigation (langue utilis\u00e9e, r\u00e9solution d\u2019affichage, syst\u00e8me d\u2019exploitation utilis\u00e9, etc.), selon les mat\u00e9riels et les logiciels de visualisation ou de lecture que votre terminal comporte ;<\/li>\n\n\n\n<li>Faciliter vos recherches en conservant vos recherches automatiques ;<\/li>\n\n\n\n<li>Am\u00e9liorer votre exp\u00e9rience utilisateur en pr\u00e9-remplissant certains champs des formulaires.\u00a0<\/li>\n<\/ul>\n\n\n\n<h4 class=\"wp-block-heading\">Les cookies de performance :<\/h4>\n\n\n\n<p>Heelio Fine Art Prints utilise des cookies de performance pour analyser l\u2019utilisation qui est faite du site afin d\u2019en am\u00e9liorer le fonctionnement. Ces cookies permettent notamment de recenser le nombre de visiteurs, d\u2019analyser les pages les plus visit\u00e9es, d\u2019enregistrer anonymement la fa\u00e7on dont vous utilisez le site et ce afin d\u2019am\u00e9liorer la performance du site et de son contenu et d\u2019am\u00e9liorer votre exp\u00e9rience de navigation. Les cookies de performance utilis\u00e9es par Heelio Fine Art Prints sont ceux propos\u00e9s par Google Analytics et Woocommerce.<\/p>\n\n\n\n<h3 class=\"wp-block-heading\">Combien de temps les cookies sont-ils conserv\u00e9s ?<\/h3>\n\n\n\n<p>La dur\u00e9e de conservation des cookies d\u00e9pos\u00e9s\u00a0par le site varie selon leur type, mais n\u2019exc\u00e8de pas une dur\u00e9e maximum de 13 mois \u00e0 compter de leur date de cr\u00e9ation.<\/p>\n\n\n\n<h3 class=\"wp-block-heading\">Qui utilise les informations collect\u00e9es par les cookies ?<\/h3>\n\n\n\n<p>Les informations collect\u00e9es par les cookies mis en place sur le site sont exclusivement utilis\u00e9es par Heelio Fine Art Prints.<\/p>\n\n\n\n<h3 class=\"wp-block-heading\">Comment accepter ou refuser le d\u00e9p\u00f4t de cookies ?<\/h3>\n\n\n\n<p>Vous pouvez \u00e0 tout moment exprimer ou modifier vos souhaits en mati\u00e8re de cookies, et notamment retirer votre consentement. Pour cela, vous devez configurer votre logiciel de navigation de mani\u00e8re \u00e0 ce que des cookies soient enregistr\u00e9s dans votre terminal ou, au contraire, qu\u2019ils soient rejet\u00e9s, soit syst\u00e9matiquement, soit selon leur \u00e9metteur. Vous pouvez \u00e9galement configurer votre logiciel de navigation de mani\u00e8re \u00e0 ce que l\u2019acceptation ou le refus des cookies vous soient propos\u00e9s ponctuellement, avant qu\u2019un cookie soit susceptible d\u2019\u00eatre enregistr\u00e9 dans votre terminal. Pour la gestion des cookies, la configuration de chaque navigateur est diff\u00e9rente. Elle est d\u00e9crite dans le menu d\u2019aide de votre navigateur, qui vous permettra de savoir de quelle mani\u00e8re modifier vos souhaits en mati\u00e8re de cookies. Si vous supprimez les cookies, il est toutefois possible que vous ne puissiez pas b\u00e9n\u00e9ficier de certaines fonctionnalit\u00e9s du site.<\/p>","protected":false},"excerpt":{"rendered":"<p>You can at any time oppose the use of your personal data from the administration of your account or&nbsp;via a simple request&nbsp;using our&nbsp;contact page.&nbsp; You can visit our website without providing us with your contact details. However, you may have to provide some personal information for instance to deal with an order or for us [&hellip;]<\/p>\n","protected":false},"author":1,"featured_media":0,"parent":0,"menu_order":0,"comment_status":"closed","ping_status":"closed","template":"","meta":{"footnotes":""},"class_list":["post-9","page","type-page","status-publish","hentry"],"yoast_head":"<!-- This site is optimized with the Yoast SEO plugin v27.3 - https:\/\/yoast.com\/product\/yoast-seo-wordpress\/ -->\n<title>Privacy policy - Heelio | Fine Art Prints<\/title>\n<meta name=\"robots\" content=\"index, follow, max-snippet:-1, max-image-preview:large, max-video-preview:-1\" \/>\n<link rel=\"canonical\" href=\"https:\/\/fineartprints.heel.io\/fr\/privacy-policy\/\" \/>\n<meta property=\"og:locale\" content=\"fr_FR\" \/>\n<meta property=\"og:type\" content=\"article\" \/>\n<meta property=\"og:title\" content=\"Privacy policy - Heelio | Fine Art Prints\" \/>\n<meta property=\"og:description\" content=\"You can at any time oppose the use of your personal data from the administration of your account or&nbsp;via a simple request&nbsp;using our&nbsp;contact page.&nbsp; You can visit our website without providing us with your contact details. However, you may have to provide some personal information for instance to deal with an order or for us [&hellip;]\" \/>\n<meta property=\"og:url\" content=\"https:\/\/fineartprints.heel.io\/fr\/privacy-policy\/\" \/>\n<meta property=\"og:site_name\" content=\"Heelio | Fine Art Prints\" \/>\n<meta property=\"article:publisher\" content=\"https:\/\/www.facebook.com\/heelio.photo\/\" \/>\n<meta property=\"article:modified_time\" content=\"2023-01-26T21:22:46+00:00\" \/>\n<meta property=\"og:image\" content=\"https:\/\/i0.wp.com\/fineartprints.heel.io\/wp-content\/uploads\/sites\/2\/2023\/01\/fb.jpg?fit=1200%2C675&ssl=1\" \/>\n\t<meta property=\"og:image:width\" content=\"1200\" \/>\n\t<meta property=\"og:image:height\" content=\"675\" \/>\n\t<meta property=\"og:image:type\" content=\"image\/jpeg\" \/>\n<meta name=\"twitter:card\" content=\"summary_large_image\" \/>\n<meta name=\"twitter:site\" content=\"@heel_io\" \/>\n<meta name=\"twitter:label1\" content=\"Dur\u00e9e de lecture estim\u00e9e\" \/>\n\t<meta name=\"twitter:data1\" content=\"8 minutes\" \/>\n<script type=\"application\/ld+json\" class=\"yoast-schema-graph\">{\"@context\":\"https:\\\/\\\/schema.org\",\"@graph\":[{\"@type\":\"WebPage\",\"@id\":\"https:\\\/\\\/fineartprints.heel.io\\\/privacy-policy\\\/\",\"url\":\"https:\\\/\\\/fineartprints.heel.io\\\/privacy-policy\\\/\",\"name\":\"Privacy policy - Heelio | Fine Art Prints\",\"isPartOf\":{\"@id\":\"https:\\\/\\\/fineartprints.heel.io\\\/#website\"},\"datePublished\":\"2022-09-25T21:45:21+00:00\",\"dateModified\":\"2023-01-26T21:22:46+00:00\",\"breadcrumb\":{\"@id\":\"https:\\\/\\\/fineartprints.heel.io\\\/privacy-policy\\\/#breadcrumb\"},\"inLanguage\":\"fr-FR\",\"potentialAction\":[{\"@type\":\"ReadAction\",\"target\":[\"https:\\\/\\\/fineartprints.heel.io\\\/privacy-policy\\\/\"]}]},{\"@type\":\"BreadcrumbList\",\"@id\":\"https:\\\/\\\/fineartprints.heel.io\\\/privacy-policy\\\/#breadcrumb\",\"itemListElement\":[{\"@type\":\"ListItem\",\"position\":1,\"name\":\"Home\",\"item\":\"https:\\\/\\\/fineartprints.heel.io\\\/\"},{\"@type\":\"ListItem\",\"position\":2,\"name\":\"Privacy policy\"}]},{\"@type\":\"WebSite\",\"@id\":\"https:\\\/\\\/fineartprints.heel.io\\\/#website\",\"url\":\"https:\\\/\\\/fineartprints.heel.io\\\/\",\"name\":\"Heelio | Fine Art Prints\",\"description\":\"Fine art photography prints\",\"publisher\":{\"@id\":\"https:\\\/\\\/fineartprints.heel.io\\\/#organization\"},\"alternateName\":\"Heelio Fine Art Photography Prints\",\"potentialAction\":[{\"@type\":\"SearchAction\",\"target\":{\"@type\":\"EntryPoint\",\"urlTemplate\":\"https:\\\/\\\/fineartprints.heel.io\\\/?s={search_term_string}\"},\"query-input\":{\"@type\":\"PropertyValueSpecification\",\"valueRequired\":true,\"valueName\":\"search_term_string\"}}],\"inLanguage\":\"fr-FR\"},{\"@type\":\"Organization\",\"@id\":\"https:\\\/\\\/fineartprints.heel.io\\\/#organization\",\"name\":\"Heelio Fine Art Prints\",\"alternateName\":\"Heelio\",\"url\":\"https:\\\/\\\/fineartprints.heel.io\\\/\",\"logo\":{\"@type\":\"ImageObject\",\"inLanguage\":\"fr-FR\",\"@id\":\"https:\\\/\\\/fineartprints.heel.io\\\/#\\\/schema\\\/logo\\\/image\\\/\",\"url\":\"https:\\\/\\\/i0.wp.com\\\/fineartprints.heel.io\\\/wp-content\\\/uploads\\\/sites\\\/2\\\/2022\\\/12\\\/logo-black.png?fit=746%2C513&ssl=1\",\"contentUrl\":\"https:\\\/\\\/i0.wp.com\\\/fineartprints.heel.io\\\/wp-content\\\/uploads\\\/sites\\\/2\\\/2022\\\/12\\\/logo-black.png?fit=746%2C513&ssl=1\",\"width\":746,\"height\":513,\"caption\":\"Heelio Fine Art Prints\"},\"image\":{\"@id\":\"https:\\\/\\\/fineartprints.heel.io\\\/#\\\/schema\\\/logo\\\/image\\\/\"},\"sameAs\":[\"https:\\\/\\\/www.facebook.com\\\/heelio.photo\\\/\",\"https:\\\/\\\/x.com\\\/heel_io\",\"https:\\\/\\\/www.instagram.com\\\/heel.io\\\/\"]}]}<\/script>\n<!-- \/ Yoast SEO plugin. -->","yoast_head_json":{"title":"Privacy policy - Heelio | Fine Art Prints","robots":{"index":"index","follow":"follow","max-snippet":"max-snippet:-1","max-image-preview":"max-image-preview:large","max-video-preview":"max-video-preview:-1"},"canonical":"https:\/\/fineartprints.heel.io\/fr\/privacy-policy\/","og_locale":"fr_FR","og_type":"article","og_title":"Privacy policy - Heelio | Fine Art Prints","og_description":"You can at any time oppose the use of your personal data from the administration of your account or&nbsp;via a simple request&nbsp;using our&nbsp;contact page.&nbsp; You can visit our website without providing us with your contact details. However, you may have to provide some personal information for instance to deal with an order or for us [&hellip;]","og_url":"https:\/\/fineartprints.heel.io\/fr\/privacy-policy\/","og_site_name":"Heelio | Fine Art Prints","article_publisher":"https:\/\/www.facebook.com\/heelio.photo\/","article_modified_time":"2023-01-26T21:22:46+00:00","og_image":[{"width":1200,"height":675,"url":"https:\/\/i0.wp.com\/fineartprints.heel.io\/wp-content\/uploads\/sites\/2\/2023\/01\/fb.jpg?fit=1200%2C675&ssl=1","type":"image\/jpeg"}],"twitter_card":"summary_large_image","twitter_site":"@heel_io","twitter_misc":{"Dur\u00e9e de lecture estim\u00e9e":"8 minutes"},"schema":{"@context":"https:\/\/schema.org","@graph":[{"@type":"WebPage","@id":"https:\/\/fineartprints.heel.io\/privacy-policy\/","url":"https:\/\/fineartprints.heel.io\/privacy-policy\/","name":"Privacy policy - Heelio | Fine Art Prints","isPartOf":{"@id":"https:\/\/fineartprints.heel.io\/#website"},"datePublished":"2022-09-25T21:45:21+00:00","dateModified":"2023-01-26T21:22:46+00:00","breadcrumb":{"@id":"https:\/\/fineartprints.heel.io\/privacy-policy\/#breadcrumb"},"inLanguage":"fr-FR","potentialAction":[{"@type":"ReadAction","target":["https:\/\/fineartprints.heel.io\/privacy-policy\/"]}]},{"@type":"BreadcrumbList","@id":"https:\/\/fineartprints.heel.io\/privacy-policy\/#breadcrumb","itemListElement":[{"@type":"ListItem","position":1,"name":"Home","item":"https:\/\/fineartprints.heel.io\/"},{"@type":"ListItem","position":2,"name":"Privacy policy"}]},{"@type":"WebSite","@id":"https:\/\/fineartprints.heel.io\/#website","url":"https:\/\/fineartprints.heel.io\/","name":"Heelio | Fine Art Prints","description":"Fine art photography prints","publisher":{"@id":"https:\/\/fineartprints.heel.io\/#organization"},"alternateName":"Heelio Fine Art Photography Prints","potentialAction":[{"@type":"SearchAction","target":{"@type":"EntryPoint","urlTemplate":"https:\/\/fineartprints.heel.io\/?s={search_term_string}"},"query-input":{"@type":"PropertyValueSpecification","valueRequired":true,"valueName":"search_term_string"}}],"inLanguage":"fr-FR"},{"@type":"Organization","@id":"https:\/\/fineartprints.heel.io\/#organization","name":"Heelio Fine Art Prints","alternateName":"Heelio","url":"https:\/\/fineartprints.heel.io\/","logo":{"@type":"ImageObject","inLanguage":"fr-FR","@id":"https:\/\/fineartprints.heel.io\/#\/schema\/logo\/image\/","url":"https:\/\/i0.wp.com\/fineartprints.heel.io\/wp-content\/uploads\/sites\/2\/2022\/12\/logo-black.png?fit=746%2C513&ssl=1","contentUrl":"https:\/\/i0.wp.com\/fineartprints.heel.io\/wp-content\/uploads\/sites\/2\/2022\/12\/logo-black.png?fit=746%2C513&ssl=1","width":746,"height":513,"caption":"Heelio Fine Art Prints"},"image":{"@id":"https:\/\/fineartprints.heel.io\/#\/schema\/logo\/image\/"},"sameAs":["https:\/\/www.facebook.com\/heelio.photo\/","https:\/\/x.com\/heel_io","https:\/\/www.instagram.com\/heel.io\/"]}]}},"_links":{"self":[{"href":"https:\/\/fineartprints.heel.io\/fr\/wp-json\/wp\/v2\/pages\/9","targetHints":{"allow":["GET"]}}],"collection":[{"href":"https:\/\/fineartprints.heel.io\/fr\/wp-json\/wp\/v2\/pages"}],"about":[{"href":"https:\/\/fineartprints.heel.io\/fr\/wp-json\/wp\/v2\/types\/page"}],"author":[{"embeddable":true,"href":"https:\/\/fineartprints.heel.io\/fr\/wp-json\/wp\/v2\/users\/1"}],"replies":[{"embeddable":true,"href":"https:\/\/fineartprints.heel.io\/fr\/wp-json\/wp\/v2\/comments?post=9"}],"version-history":[{"count":5,"href":"https:\/\/fineartprints.heel.io\/fr\/wp-json\/wp\/v2\/pages\/9\/revisions"}],"predecessor-version":[{"id":1416,"href":"https:\/\/fineartprints.heel.io\/fr\/wp-json\/wp\/v2\/pages\/9\/revisions\/1416"}],"wp:attachment":[{"href":"https:\/\/fineartprints.heel.io\/fr\/wp-json\/wp\/v2\/media?parent=9"}],"curies":[{"name":"wp","href":"https:\/\/api.w.org\/{rel}","templated":true}]}}