{"id":1061,"date":"2023-01-20T16:56:53","date_gmt":"2023-01-20T15:56:53","guid":{"rendered":"https:\/\/fineartprints.heel.io\/en\/?post_type=product&#038;p=1061"},"modified":"2023-01-27T01:32:52","modified_gmt":"2023-01-27T00:32:52","slug":"misty-mountain-02","status":"publish","type":"product","link":"https:\/\/fineartprints.heel.io\/fr\/print\/1061\/misty-mountain-02\/","title":{"rendered":"Misty Mountain .02"},"content":{"rendered":"<p><b>Tirage Gicl\u00e9e sur papier Hahnem\u00fchle Pearl.<\/b><\/p>\n<p>Un tirage Hahnem\u00fcle Pearl se distingue par sa texture \"peau d'orange\" douce et une \u00e9clatante base blanche neutre, pour des images en noir et blanc naturelles et des couleurs vibrantes faisant ressortir le moindre d\u00e9tail. Le papier est enduit d'une r\u00e9sine avec un toucher l\u00e9g\u00e8rement fibreux. La finition satin\u00e9e du rev\u00eatement donne une profondeur \u00e0 l'image qui, combin\u00e9e \u00e0 la texture et \u00e0 la reproduction impeccable des couleurs, donne \u00e0 l'image des allures de peinture \u00e0 l'huile.<\/p>","protected":false},"excerpt":{"rendered":"<ul>\n<li>Tirage Gicl\u00e9e sur papier Hahnem\u00fchle Pearl pour cadres standards<\/li>\n<li>Tirage seul<\/li>\n<li>Exp\u00e9di\u00e9 depuis l'Europe dans le monde entier<\/li>\n<\/ul>","protected":false},"featured_media":1060,"template":"","meta":[],"product_brand":[],"product_cat":[15],"product_tag":[],"class_list":{"0":"post-1061","1":"product","2":"type-product","3":"status-publish","4":"has-post-thumbnail","6":"product_cat-fineartprints","8":"first","9":"instock","10":"shipping-taxable","11":"purchasable","12":"product-type-variable"},"yoast_head":"<!-- This site is optimized with the Yoast SEO plugin v27.3 - https:\/\/yoast.com\/product\/yoast-seo-wordpress\/ -->\n<title>Misty Mountain .02 - Heelio | Fine Art Prints<\/title>\n<meta name=\"robots\" content=\"index, follow, max-snippet:-1, max-image-preview:large, max-video-preview:-1\" \/>\n<link rel=\"canonical\" href=\"https:\/\/fineartprints.heel.io\/fr\/print\/1061\/misty-mountain-02\/\" \/>\n<meta property=\"og:locale\" content=\"fr_FR\" \/>\n<meta property=\"og:type\" content=\"article\" \/>\n<meta property=\"og:title\" content=\"Misty Mountain .02 - Heelio | Fine Art Prints\" \/>\n<meta property=\"og:description\" content=\"Printed on Gicl\u00e9e Hahnem\u00fchle Pearl for standard frame sizes Print only Shipped from Europe worldwide\" \/>\n<meta property=\"og:url\" content=\"https:\/\/fineartprints.heel.io\/fr\/print\/1061\/misty-mountain-02\/\" \/>\n<meta property=\"og:site_name\" content=\"Heelio | Fine Art Prints\" \/>\n<meta property=\"article:publisher\" content=\"https:\/\/www.facebook.com\/heelio.photo\/\" \/>\n<meta property=\"article:modified_time\" content=\"2023-01-27T00:32:52+00:00\" \/>\n<meta property=\"og:image\" content=\"http:\/\/fineartprints.heel.io\/wp-content\/uploads\/sites\/2\/2023\/01\/c7b47acd2ea344558ce9c80acb34259f.jpg\" \/>\n\t<meta property=\"og:image:width\" content=\"1800\" \/>\n\t<meta property=\"og:image:height\" content=\"1350\" \/>\n\t<meta property=\"og:image:type\" content=\"image\/jpeg\" \/>\n<meta name=\"twitter:card\" content=\"summary_large_image\" \/>\n<meta name=\"twitter:site\" content=\"@heel_io\" \/>\n<script type=\"application\/ld+json\" class=\"yoast-schema-graph\">{\"@context\":\"https:\\\/\\\/schema.org\",\"@graph\":[{\"@type\":\"WebPage\",\"@id\":\"https:\\\/\\\/fineartprints.heel.io\\\/print\\\/1061\\\/misty-mountain-02\\\/\",\"url\":\"https:\\\/\\\/fineartprints.heel.io\\\/print\\\/1061\\\/misty-mountain-02\\\/\",\"name\":\"Misty Mountain .02 - Heelio | Fine Art Prints\",\"isPartOf\":{\"@id\":\"https:\\\/\\\/fineartprints.heel.io\\\/#website\"},\"primaryImageOfPage\":{\"@id\":\"https:\\\/\\\/fineartprints.heel.io\\\/print\\\/1061\\\/misty-mountain-02\\\/#primaryimage\"},\"image\":{\"@id\":\"https:\\\/\\\/fineartprints.heel.io\\\/print\\\/1061\\\/misty-mountain-02\\\/#primaryimage\"},\"thumbnailUrl\":\"https:\\\/\\\/i0.wp.com\\\/fineartprints.heel.io\\\/wp-content\\\/uploads\\\/sites\\\/2\\\/2023\\\/01\\\/c7b47acd2ea344558ce9c80acb34259f.jpg?fit=1200%2C900&ssl=1\",\"datePublished\":\"2023-01-20T15:56:53+00:00\",\"dateModified\":\"2023-01-27T00:32:52+00:00\",\"breadcrumb\":{\"@id\":\"https:\\\/\\\/fineartprints.heel.io\\\/print\\\/1061\\\/misty-mountain-02\\\/#breadcrumb\"},\"inLanguage\":\"fr-FR\",\"potentialAction\":[{\"@type\":\"ReadAction\",\"target\":[\"https:\\\/\\\/fineartprints.heel.io\\\/print\\\/1061\\\/misty-mountain-02\\\/\"]}]},{\"@type\":\"ImageObject\",\"inLanguage\":\"fr-FR\",\"@id\":\"https:\\\/\\\/fineartprints.heel.io\\\/print\\\/1061\\\/misty-mountain-02\\\/#primaryimage\",\"url\":\"https:\\\/\\\/i0.wp.com\\\/fineartprints.heel.io\\\/wp-content\\\/uploads\\\/sites\\\/2\\\/2023\\\/01\\\/c7b47acd2ea344558ce9c80acb34259f.jpg?fit=1200%2C900&ssl=1\",\"contentUrl\":\"https:\\\/\\\/i0.wp.com\\\/fineartprints.heel.io\\\/wp-content\\\/uploads\\\/sites\\\/2\\\/2023\\\/01\\\/c7b47acd2ea344558ce9c80acb34259f.jpg?fit=1200%2C900&ssl=1\",\"width\":1200,\"height\":900},{\"@type\":\"BreadcrumbList\",\"@id\":\"https:\\\/\\\/fineartprints.heel.io\\\/print\\\/1061\\\/misty-mountain-02\\\/#breadcrumb\",\"itemListElement\":[{\"@type\":\"ListItem\",\"position\":1,\"name\":\"Home\",\"item\":\"https:\\\/\\\/fineartprints.heel.io\\\/\"},{\"@type\":\"ListItem\",\"position\":2,\"name\":\"Fine Art Prints\",\"item\":\"https:\\\/\\\/fineartprints.heel.io\\\/\"},{\"@type\":\"ListItem\",\"position\":3,\"name\":\"Misty Mountain .02\"}]},{\"@type\":\"WebSite\",\"@id\":\"https:\\\/\\\/fineartprints.heel.io\\\/#website\",\"url\":\"https:\\\/\\\/fineartprints.heel.io\\\/\",\"name\":\"Heelio | Fine Art Prints\",\"description\":\"Fine art photography prints\",\"publisher\":{\"@id\":\"https:\\\/\\\/fineartprints.heel.io\\\/#organization\"},\"alternateName\":\"Heelio Fine Art Photography Prints\",\"potentialAction\":[{\"@type\":\"SearchAction\",\"target\":{\"@type\":\"EntryPoint\",\"urlTemplate\":\"https:\\\/\\\/fineartprints.heel.io\\\/?s={search_term_string}\"},\"query-input\":{\"@type\":\"PropertyValueSpecification\",\"valueRequired\":true,\"valueName\":\"search_term_string\"}}],\"inLanguage\":\"fr-FR\"},{\"@type\":\"Organization\",\"@id\":\"https:\\\/\\\/fineartprints.heel.io\\\/#organization\",\"name\":\"Heelio Fine Art Prints\",\"alternateName\":\"Heelio\",\"url\":\"https:\\\/\\\/fineartprints.heel.io\\\/\",\"logo\":{\"@type\":\"ImageObject\",\"inLanguage\":\"fr-FR\",\"@id\":\"https:\\\/\\\/fineartprints.heel.io\\\/#\\\/schema\\\/logo\\\/image\\\/\",\"url\":\"https:\\\/\\\/i0.wp.com\\\/fineartprints.heel.io\\\/wp-content\\\/uploads\\\/sites\\\/2\\\/2022\\\/12\\\/logo-black.png?fit=746%2C513&ssl=1\",\"contentUrl\":\"https:\\\/\\\/i0.wp.com\\\/fineartprints.heel.io\\\/wp-content\\\/uploads\\\/sites\\\/2\\\/2022\\\/12\\\/logo-black.png?fit=746%2C513&ssl=1\",\"width\":746,\"height\":513,\"caption\":\"Heelio Fine Art Prints\"},\"image\":{\"@id\":\"https:\\\/\\\/fineartprints.heel.io\\\/#\\\/schema\\\/logo\\\/image\\\/\"},\"sameAs\":[\"https:\\\/\\\/www.facebook.com\\\/heelio.photo\\\/\",\"https:\\\/\\\/x.com\\\/heel_io\",\"https:\\\/\\\/www.instagram.com\\\/heel.io\\\/\"]}]}<\/script>\n<!-- \/ Yoast SEO plugin. -->","yoast_head_json":{"title":"Misty Mountain .02 - Heelio | Fine Art Prints","robots":{"index":"index","follow":"follow","max-snippet":"max-snippet:-1","max-image-preview":"max-image-preview:large","max-video-preview":"max-video-preview:-1"},"canonical":"https:\/\/fineartprints.heel.io\/fr\/print\/1061\/misty-mountain-02\/","og_locale":"fr_FR","og_type":"article","og_title":"Misty Mountain .02 - Heelio | Fine Art Prints","og_description":"Printed on Gicl\u00e9e Hahnem\u00fchle Pearl for standard frame sizes Print only Shipped from Europe worldwide","og_url":"https:\/\/fineartprints.heel.io\/fr\/print\/1061\/misty-mountain-02\/","og_site_name":"Heelio | Fine Art Prints","article_publisher":"https:\/\/www.facebook.com\/heelio.photo\/","article_modified_time":"2023-01-27T00:32:52+00:00","og_image":[{"width":1800,"height":1350,"url":"http:\/\/fineartprints.heel.io\/wp-content\/uploads\/sites\/2\/2023\/01\/c7b47acd2ea344558ce9c80acb34259f.jpg","type":"image\/jpeg"}],"twitter_card":"summary_large_image","twitter_site":"@heel_io","schema":{"@context":"https:\/\/schema.org","@graph":[{"@type":"WebPage","@id":"https:\/\/fineartprints.heel.io\/print\/1061\/misty-mountain-02\/","url":"https:\/\/fineartprints.heel.io\/print\/1061\/misty-mountain-02\/","name":"Misty Mountain .02 - Heelio | Fine Art Prints","isPartOf":{"@id":"https:\/\/fineartprints.heel.io\/#website"},"primaryImageOfPage":{"@id":"https:\/\/fineartprints.heel.io\/print\/1061\/misty-mountain-02\/#primaryimage"},"image":{"@id":"https:\/\/fineartprints.heel.io\/print\/1061\/misty-mountain-02\/#primaryimage"},"thumbnailUrl":"https:\/\/i0.wp.com\/fineartprints.heel.io\/wp-content\/uploads\/sites\/2\/2023\/01\/c7b47acd2ea344558ce9c80acb34259f.jpg?fit=1200%2C900&ssl=1","datePublished":"2023-01-20T15:56:53+00:00","dateModified":"2023-01-27T00:32:52+00:00","breadcrumb":{"@id":"https:\/\/fineartprints.heel.io\/print\/1061\/misty-mountain-02\/#breadcrumb"},"inLanguage":"fr-FR","potentialAction":[{"@type":"ReadAction","target":["https:\/\/fineartprints.heel.io\/print\/1061\/misty-mountain-02\/"]}]},{"@type":"ImageObject","inLanguage":"fr-FR","@id":"https:\/\/fineartprints.heel.io\/print\/1061\/misty-mountain-02\/#primaryimage","url":"https:\/\/i0.wp.com\/fineartprints.heel.io\/wp-content\/uploads\/sites\/2\/2023\/01\/c7b47acd2ea344558ce9c80acb34259f.jpg?fit=1200%2C900&ssl=1","contentUrl":"https:\/\/i0.wp.com\/fineartprints.heel.io\/wp-content\/uploads\/sites\/2\/2023\/01\/c7b47acd2ea344558ce9c80acb34259f.jpg?fit=1200%2C900&ssl=1","width":1200,"height":900},{"@type":"BreadcrumbList","@id":"https:\/\/fineartprints.heel.io\/print\/1061\/misty-mountain-02\/#breadcrumb","itemListElement":[{"@type":"ListItem","position":1,"name":"Home","item":"https:\/\/fineartprints.heel.io\/"},{"@type":"ListItem","position":2,"name":"Fine Art Prints","item":"https:\/\/fineartprints.heel.io\/"},{"@type":"ListItem","position":3,"name":"Misty Mountain .02"}]},{"@type":"WebSite","@id":"https:\/\/fineartprints.heel.io\/#website","url":"https:\/\/fineartprints.heel.io\/","name":"Heelio | Fine Art Prints","description":"Fine art photography prints","publisher":{"@id":"https:\/\/fineartprints.heel.io\/#organization"},"alternateName":"Heelio Fine Art Photography Prints","potentialAction":[{"@type":"SearchAction","target":{"@type":"EntryPoint","urlTemplate":"https:\/\/fineartprints.heel.io\/?s={search_term_string}"},"query-input":{"@type":"PropertyValueSpecification","valueRequired":true,"valueName":"search_term_string"}}],"inLanguage":"fr-FR"},{"@type":"Organization","@id":"https:\/\/fineartprints.heel.io\/#organization","name":"Heelio Fine Art Prints","alternateName":"Heelio","url":"https:\/\/fineartprints.heel.io\/","logo":{"@type":"ImageObject","inLanguage":"fr-FR","@id":"https:\/\/fineartprints.heel.io\/#\/schema\/logo\/image\/","url":"https:\/\/i0.wp.com\/fineartprints.heel.io\/wp-content\/uploads\/sites\/2\/2022\/12\/logo-black.png?fit=746%2C513&ssl=1","contentUrl":"https:\/\/i0.wp.com\/fineartprints.heel.io\/wp-content\/uploads\/sites\/2\/2022\/12\/logo-black.png?fit=746%2C513&ssl=1","width":746,"height":513,"caption":"Heelio Fine Art Prints"},"image":{"@id":"https:\/\/fineartprints.heel.io\/#\/schema\/logo\/image\/"},"sameAs":["https:\/\/www.facebook.com\/heelio.photo\/","https:\/\/x.com\/heel_io","https:\/\/www.instagram.com\/heel.io\/"]}]}},"_links":{"self":[{"href":"https:\/\/fineartprints.heel.io\/fr\/wp-json\/wp\/v2\/product\/1061","targetHints":{"allow":["GET"]}}],"collection":[{"href":"https:\/\/fineartprints.heel.io\/fr\/wp-json\/wp\/v2\/product"}],"about":[{"href":"https:\/\/fineartprints.heel.io\/fr\/wp-json\/wp\/v2\/types\/product"}],"wp:featuredmedia":[{"embeddable":true,"href":"https:\/\/fineartprints.heel.io\/fr\/wp-json\/wp\/v2\/media\/1060"}],"wp:attachment":[{"href":"https:\/\/fineartprints.heel.io\/fr\/wp-json\/wp\/v2\/media?parent=1061"}],"wp:term":[{"taxonomy":"product_brand","embeddable":true,"href":"https:\/\/fineartprints.heel.io\/fr\/wp-json\/wp\/v2\/product_brand?post=1061"},{"taxonomy":"product_cat","embeddable":true,"href":"https:\/\/fineartprints.heel.io\/fr\/wp-json\/wp\/v2\/product_cat?post=1061"},{"taxonomy":"product_tag","embeddable":true,"href":"https:\/\/fineartprints.heel.io\/fr\/wp-json\/wp\/v2\/product_tag?post=1061"}],"curies":[{"name":"wp","href":"https:\/\/api.w.org\/{rel}","templated":true}]}}